{"id":30250,"date":"2025-03-14T12:25:43","date_gmt":"2025-03-18T08:24:07","guid":{"rendered":"https:\/\/stiklejewelry.com\/home\/be-kategorijos\/juodo-marmuro-verinys-su-sidabruotu-akcentu\/"},"modified":"2025-03-18T10:24:07","modified_gmt":"2025-03-18T08:24:07","slug":"juodo-marmuro-verinys-su-sidabruotu-akcentu","status":"publish","type":"product","link":"https:\/\/stiklejewelry.com\/en\/e-parduotuve\/men\/necklaces-men\/juodo-marmuro-verinys-su-sidabruotu-akcentu\/","title":{"rendered":"Juodo marmuro v\u0117rinys su sidabruotu akcentu"},"content":{"rendered":"<p><strong>Juodo marmuor v\u0117rinys su sidabruotu akcentu<\/strong><\/p>\n<p data-start=\"0\" data-end=\"293\"><strong data-start=\"3\" data-end=\"39\">Subtili j\u0117ga, nesenstanti elegancija.<\/strong> \u0160is v\u0117rinys \u012fk\u016bnija stipryb\u0119 ir rafinuotum\u0105 \u2013 juodo marmuro karoliukai dera su sidabruotu akcentu, sukurdami harmoning\u0105 kontrast\u0105. Tai papuo\u0161alas tiems, kurie vertina sant\u016br\u0173, bet i\u0161skirtin\u012f stili\u0173. <\/p>\n<p data-start=\"295\" data-end=\"514\"><strong data-start=\"298\" data-end=\"334\">Sukurta moderniam minimalistui.<\/strong> Nat\u016bralaus akmens ir metalo derinys suteikia universalumo ir prasm\u0117s. Ne\u0161iokite vien\u0105 ar derinkite su kitais aksesuarais \u2013 \u0161is v\u0117rinys visuomet atrodys i\u0161skirtinai. <\/p>\n<p data-start=\"516\" data-end=\"665\"><strong data-start=\"519\" data-end=\"542\">Paslaptingumo prisilietimas.<\/strong> \u012ekv\u0117ptas neapdoroto \u017eem\u0117s gro\u017eio, \u0161is v\u0117rinys yra daugiau nei aksesuaras \u2013 tai gylio ir stipryb\u0117s i\u0161rai\u0161ka.<\/p>\n<p data-start=\"516\" data-end=\"665\"><strong>Ne\u0161iok u\u017etikrintai, pri\u017ei\u016br\u0117k lengvai:<\/strong><\/p>\n<ul>\n<li>Laikykite papuo\u0161alus sausoje vietoje, toliau nuo tiesiogini\u0173 saul\u0117s spinduli\u0173, dr\u0117gm\u0117s ir kar\u0161\u010dio.<\/li>\n<li>Laikykite mink\u0161tuose mai\u0161eliuose arba papuo\u0161al\u0173 d\u0117\u017eut\u0117se.<\/li>\n<li>Nusiimkite papuo\u0161alus prie\u0161 maudydamiesi, sportuodami ar naudodami buitin\u0119 chemij\u0105.<\/li>\n<li>Papuo\u0161alus \u0161velniai valykite mink\u0161tu audiniu, kad pa\u0161alintum\u0117te dulkes ir pir\u0161t\u0173 atspaudus.<\/li>\n<li>Nat\u016bral\u016bs akmenys yra trap\u016bs ir gali \u012ftr\u016bkti ar suskilti, tod\u0117l elkit\u0117s su jais atsargiai.<\/li>\n<\/ul>\n<p><strong>Atraskite nesenstan\u010di\u0105 estetik\u0105.<\/strong><\/p>\n<p data-start=\"667\" data-end=\"725\">\n","protected":false},"excerpt":{"rendered":"<ul>\n<li><strong>Sidabru dengtas \u017ealvaris<\/strong><\/li>\n<li><strong>Marmuras<\/strong><\/li>\n<li><strong>51 cm ilgio si papildoma 3 cm grandin\u0117le<\/strong><\/li>\n<li><strong>Karabinas<\/strong><\/li>\n<li><strong>Be nikelio<\/strong><\/li>\n<li>Puikiai dera su<\/li>\n<\/ul>\n","protected":false},"featured_media":30148,"template":"","meta":[],"product_brand":[],"product_cat":[2183,2385],"product_tag":[2203,2196,2000,2306,2404,2401,2403,2328,2402,2208,1627,2190,2289,2051],"giftcard-category":[],"class_list":{"0":"post-30250","1":"product","2":"type-product","3":"status-publish","4":"has-post-thumbnail","6":"product_cat-necklaces-men","7":"product_cat-all-jewelry-men","8":"product_tag-gift-for-men","9":"product_tag-gift-for-husband","10":"product_tag-birthday-gift-for-a-friend","11":"product_tag-statement-jewelry-for-men","12":"product_tag-black-necklace-for-men","13":"product_tag-black-marble-necklace-for-men","14":"product_tag-minimalist-black-marble-jewelry","15":"product_tag-minimalistic-jewelry-for-men","16":"product_tag-modern-black-marble-necklace","17":"product_tag-modern-jewelry-for-men","18":"product_tag-jewellery-for-men","19":"product_tag-jewelry-for-men","20":"product_tag-stylish-necklace-for-men","21":"product_tag-necklace-for-men","22":"pa_colour-black","24":"first","25":"instock","26":"shipping-taxable","27":"purchasable","28":"product-type-simple"},"_links":{"self":[{"href":"https:\/\/stiklejewelry.com\/en\/wp-json\/wp\/v2\/product\/30250","targetHints":{"allow":["GET"]}}],"collection":[{"href":"https:\/\/stiklejewelry.com\/en\/wp-json\/wp\/v2\/product"}],"about":[{"href":"https:\/\/stiklejewelry.com\/en\/wp-json\/wp\/v2\/types\/product"}],"wp:featuredmedia":[{"embeddable":true,"href":"https:\/\/stiklejewelry.com\/en\/wp-json\/wp\/v2\/media\/30148"}],"wp:attachment":[{"href":"https:\/\/stiklejewelry.com\/en\/wp-json\/wp\/v2\/media?parent=30250"}],"wp:term":[{"taxonomy":"product_brand","embeddable":true,"href":"https:\/\/stiklejewelry.com\/en\/wp-json\/wp\/v2\/product_brand?post=30250"},{"taxonomy":"product_cat","embeddable":true,"href":"https:\/\/stiklejewelry.com\/en\/wp-json\/wp\/v2\/product_cat?post=30250"},{"taxonomy":"product_tag","embeddable":true,"href":"https:\/\/stiklejewelry.com\/en\/wp-json\/wp\/v2\/product_tag?post=30250"},{"taxonomy":"giftcard-category","embeddable":true,"href":"https:\/\/stiklejewelry.com\/en\/wp-json\/wp\/v2\/giftcard-category?post=30250"}],"curies":[{"name":"wp","href":"https:\/\/api.w.org\/{rel}","templated":true}]}}