{"id":76,"date":"2015-11-30T16:00:48","date_gmt":"2015-11-30T14:00:48","guid":{"rendered":"http:\/\/beta.stiklejewelry.com\/?page_id=76"},"modified":"2025-06-25T19:02:33","modified_gmt":"2025-06-25T16:02:33","slug":"terms-and-conditions","status":"publish","type":"page","link":"https:\/\/stiklejewelry.com\/en\/terms-and-conditions\/","title":{"rendered":"Terms and conditions"},"content":{"rendered":"<div class=\"wpb-content-wrapper\"><p>[vc_row][vc_column][vc_column_text css=&#8221;&#8221;]<\/p>\n<h1>TERMS AND CONDITIONS<\/h1>\n<h3 data-start=\"66\" data-end=\"88\"><strong data-start=\"66\" data-end=\"88\">General Provisions<\/strong><\/h3>\n<p>Welcome to our website. MB Stikle\u00a0 provide access to the <a href=\"https:\/\/stiklejewelry.com\/\">www.stiklejewelry.com<\/a> website (the &#8220;Website&#8221;) and sell our products to you subject to the conditions set out on this page. Please carefully read these conditions before using the Website. By using the Website, you agree to be bound by these terms and conditions.<strong>\u00a0<\/strong><\/p>\n<p>These are the general terms and conditions that establish the rights, obligations, and responsibilities of the buyer and seller when the buyer purchases goods from the online store.<br data-start=\"293\" data-end=\"296\" \/>The seller reserves the right to change, amend, or supplement the rules at any time, in accordance with applicable legal requirements. Buyers are informed via the online store website. The terms and conditions valid at the time of order placement apply to the buyer&#8217;s purchase.<br data-start=\"573\" data-end=\"576\" \/>Please make sure you have read and understood all terms and conditions.<\/p>\n<p><a href=\"https:\/\/stiklejewelry.com\/\">www.stiklejewelry.com<\/a> is owned, managed and maintained by MB Stikle\u00a0 registered 300573871. The MB Stikle\u00a0 head office is at Liepu 37-1, LT-92145 Klaipeda, Lithuania.<\/p>\n<hr class=\"\" data-start=\"649\" data-end=\"652\" \/>\n<h3 data-start=\"654\" data-end=\"672\"><strong data-start=\"654\" data-end=\"672\">Ordering Goods<\/strong><\/h3>\n<p class=\"\" data-start=\"674\" data-end=\"730\">Goods in the online store can be ordered by the buyer:<\/p>\n<ul data-start=\"731\" data-end=\"857\">\n<li class=\"\" data-start=\"731\" data-end=\"817\">\n<p class=\"\" data-start=\"733\" data-end=\"817\">By registering on the website and providing the required registration information;<\/p>\n<\/li>\n<li class=\"\" data-start=\"818\" data-end=\"857\">\n<p class=\"\" data-start=\"820\" data-end=\"857\">Without registering on the website.<\/p>\n<\/li>\n<\/ul>\n<p class=\"\" data-start=\"859\" data-end=\"1331\">When placing an order, the buyer must provide the necessary personal information for the order to be processed correctly: name, surname, delivery address, postal code, phone number, and email address. The buyer is responsible for the accuracy of the information provided.<br data-start=\"1130\" data-end=\"1133\" \/>By registering and placing an order, the buyer undertakes to protect and not disclose login information to third parties.<br data-start=\"1254\" data-end=\"1257\" \/>The seller undertakes to ensure the security of the buyer\u2019s personal data.<\/p>\n<hr class=\"\" data-start=\"1333\" data-end=\"1336\" \/>\n<h3 data-start=\"1338\" data-end=\"1385\"><strong data-start=\"1338\" data-end=\"1385\">Order Processing, Prices, and Payment Terms<\/strong><\/h3>\n<p class=\"\" data-start=\"1387\" data-end=\"1527\">The contract between the buyer and the seller comes into effect when the buyer clicks the &#8220;Pay&#8221; button, and the seller confirms the order.<\/p>\n<p class=\"\" data-start=\"1529\" data-end=\"1547\">Payment methods:<\/p>\n<ul data-start=\"1548\" data-end=\"1663\">\n<li class=\"\" data-start=\"1548\" data-end=\"1596\">\n<p class=\"\" data-start=\"1550\" data-end=\"1596\">Online banking (via payment intermediaries);<\/p>\n<\/li>\n<li class=\"\" data-start=\"1597\" data-end=\"1644\">\n<p class=\"\" data-start=\"1599\" data-end=\"1644\">Bank card (through a payment intermediary);<\/p>\n<\/li>\n<li class=\"\" data-start=\"1645\" data-end=\"1663\">\n<p class=\"\" data-start=\"1647\" data-end=\"1663\">Bank transfer.<\/p>\n<\/li>\n<\/ul>\n<p class=\"\" data-start=\"1665\" data-end=\"1789\">All prices are indicated with VAT included. Delivery costs are not included in the price, unless specified as free delivery.<\/p>\n<hr class=\"\" data-start=\"1791\" data-end=\"1794\" \/>\n<h3 data-start=\"1796\" data-end=\"1817\"><strong data-start=\"1796\" data-end=\"1817\">Delivery of Goods<\/strong><\/h3>\n<p class=\"\" data-start=\"1819\" data-end=\"2010\">Goods are delivered using the delivery method chosen by the buyer. Delivery is subject to a fee, shown when selecting the delivery option.<br data-start=\"1957\" data-end=\"1960\" \/>Free delivery within Lithuania is available for:<\/p>\n<ul data-start=\"2011\" data-end=\"2091\">\n<li class=\"\" data-start=\"2011\" data-end=\"2031\">\n<p class=\"\" data-start=\"2013\" data-end=\"2031\">In-store pickup;<\/p>\n<\/li>\n<li class=\"\" data-start=\"2032\" data-end=\"2091\">\n<p class=\"\" data-start=\"2034\" data-end=\"2091\">Delivery via Omniva parcel lockers for orders over \u20ac50.<\/p>\n<\/li>\n<\/ul>\n<p class=\"\" data-start=\"2093\" data-end=\"2112\">Delivery methods:<\/p>\n<ul data-start=\"2113\" data-end=\"2245\">\n<li class=\"\" data-start=\"2113\" data-end=\"2150\">\n<p class=\"\" data-start=\"2115\" data-end=\"2150\">Omniva parcel lockers or courier;<\/p>\n<\/li>\n<li class=\"\" data-start=\"2151\" data-end=\"2171\">\n<p class=\"\" data-start=\"2153\" data-end=\"2171\">Lithuanian Post;<\/p>\n<\/li>\n<li class=\"\" data-start=\"2172\" data-end=\"2245\">\n<p class=\"\" data-start=\"2174\" data-end=\"2245\">In-store pickup in Klaip\u0117da (Tilt\u0173 g. 20) or Vilnius (R\u016bdnink\u0173 g. 8).<\/p>\n<\/li>\n<\/ul>\n<p>If you can&#8217;t find your country in delivery list you can write us by email (except for EU sanctioned countries). We don&#8217;t sell or deliver to EU sanctioned countries.<\/p>\n<p class=\"\" data-start=\"2247\" data-end=\"2729\">The buyer is responsible for providing an accurate delivery address.<br data-start=\"2448\" data-end=\"2451\" \/>Orders are shipped within 1\u20135 business days from the receipt of the order. Pre-ordered or custom-made items are shipped within 30 calendar days.<br data-start=\"2595\" data-end=\"2598\" \/>If the goods are incomplete or damaged, the buyer must notify the seller within 7 calendar days by email.<\/p>\n<hr class=\"\" data-start=\"2731\" data-end=\"2734\" \/>\n<h3 data-start=\"2736\" data-end=\"2761\"><strong data-start=\"2736\" data-end=\"2761\">Returns and Exchanges<\/strong><\/h3>\n<p class=\"\" data-start=\"2763\" data-end=\"2995\">Returns are subject to the Civil Code of the Republic of Lithuania (Article 6.22810) and may be made within 14 days from the date of delivery (the date the parcel is picked up from a parcel locker, post office, courier, or store).<\/p>\n<p class=\"\" data-start=\"2997\" data-end=\"3384\">Returned items must be unused, in their original and undamaged packaging.<br data-start=\"3070\" data-end=\"3073\" \/>Return shipping costs (both delivery and return) for quality items are covered by the buyer.<br data-start=\"3165\" data-end=\"3168\" \/>After receiving and inspecting the returned item, we commit to refund the item price within 14 days (shipping costs are non-refundable).<br data-start=\"3304\" data-end=\"3307\" \/>To initiate a return, please contact us by email at <a class=\"cursor-pointer\" rel=\"noopener\" data-start=\"3359\" data-end=\"3381\">info@stiklejewelry.com<\/a>.<\/p>\n<p class=\"\" data-start=\"3386\" data-end=\"3409\">Non-returnable items:<\/p>\n<ul data-start=\"3410\" data-end=\"3486\">\n<li class=\"\" data-start=\"3410\" data-end=\"3470\">\n<p class=\"\" data-start=\"3412\" data-end=\"3470\">Custom-made products (except for manufacturing defects);<\/p>\n<\/li>\n<li class=\"\" data-start=\"3471\" data-end=\"3486\">\n<p class=\"\" data-start=\"3473\" data-end=\"3486\">Gift cards.<\/p>\n<\/li>\n<\/ul>\n<p class=\"\" data-start=\"3488\" data-end=\"3633\">Consumer disputes out of court are resolved by the State Consumer Rights Protection Authority (Vilniaus g. 25, LT-01402 Vilnius, <a class=\"\" href=\"http:\/\/www.vvtat.lt\" target=\"_new\" rel=\"noopener\" data-start=\"3617\" data-end=\"3629\">www.vvtat.lt<\/a>).<\/p>\n<p class=\"\" data-start=\"3635\" data-end=\"4126\">A 2-year warranty from the date of purchase applies to manufacturing defects (not normal wear and tear). The warranty is void if the item was misused or damaged. The seller has the right to first attempt to repair the item (restoring it to its original condition as much as possible, considering normal wear).<br data-start=\"3944\" data-end=\"3947\" \/>For warranty claims, contact Stikl\u00e9 Jewelry at <a class=\"cursor-pointer\" rel=\"noopener\" data-start=\"3994\" data-end=\"4016\">info@stiklejewelry.com<\/a>.<br data-start=\"4017\" data-end=\"4020\" \/>Please include your full name, address, order number, and a detailed description of the issue with photos.<\/p>\n<hr class=\"\" data-start=\"4128\" data-end=\"4131\" \/>\n<h3 data-start=\"4133\" data-end=\"4173\"><strong data-start=\"4133\" data-end=\"4173\">Responsibilities of Buyer and Seller<\/strong><\/h3>\n<p class=\"\" data-start=\"4175\" data-end=\"4412\">The buyer is fully responsible for the accuracy of the personal information provided. If the buyer fails to provide correct information, the seller is not liable for resulting consequences and may claim compensation for direct damages.<\/p>\n<p class=\"\" data-start=\"4414\" data-end=\"4698\">The buyer is responsible for all actions performed using the online store <a class=\"\" href=\"http:\/\/www.stiklejewelry.com\" target=\"_new\" rel=\"noopener\" data-start=\"4488\" data-end=\"4509\">www.stiklejewelry.com<\/a>.<br data-start=\"4510\" data-end=\"4513\" \/>The registered buyer is responsible for keeping their login credentials secure. If a third party accesses the store using the buyer\u2019s credentials, that person is considered the buyer.<\/p>\n<p class=\"\" data-start=\"4700\" data-end=\"4814\">The seller is not liable for any losses if the buyer has not read the rules despite being given the opportunity.<\/p>\n<p class=\"\" data-start=\"4816\" data-end=\"5056\">If the online store contains links to websites of other companies, institutions, organizations, or individuals, the seller is not responsible for the content or activities on those websites and does not control, maintain, or represent them.<\/p>\n<hr class=\"\" data-start=\"5058\" data-end=\"5061\" \/>\n<h3 data-start=\"5063\" data-end=\"5083\"><strong data-start=\"5063\" data-end=\"5083\">Final Provisions<\/strong><\/h3>\n<p class=\"\" data-start=\"5085\" data-end=\"5382\">These rules for the purchase and sale of goods are governed by the laws of the Republic of Lithuania.<br data-start=\"5186\" data-end=\"5189\" \/>Any disputes arising from the execution of these rules shall be resolved through negotiations. If an agreement cannot be reached, disputes shall be resolved in accordance with Lithuanian law.<\/p>\n<p class=\"\" data-start=\"5384\" data-end=\"5795\">&#8220;You may submit a request or complaint regarding a product or service purchased from our online store to the State Consumer Rights Protection Authority (Vilniaus g. 25, 01402 Vilnius, email: <a class=\"cursor-pointer\" rel=\"noopener\" data-start=\"5575\" data-end=\"5591\">tarnyba@vvtat.lt<\/a>, tel. +370 5 262 6751, website: <a class=\"\" href=\"http:\/\/www.vvtat.lt\" target=\"_new\" rel=\"noopener\" data-start=\"5624\" data-end=\"5636\">www.vvtat.lt<\/a>) or its regional branches, or by filling in a complaint form on the ODR platform <a class=\"\" href=\"http:\/\/ec.europa.eu\/odr\" target=\"_new\" rel=\"noopener\" data-start=\"5718\" data-end=\"5741\">http:\/\/ec.europa.eu\/odr<\/a> or in the Consumer Rights Information System (VTIS).&#8221;<\/p>\n<hr class=\"\" data-start=\"5797\" data-end=\"5800\" \/>\n<h3 data-start=\"5802\" data-end=\"6014\"><strong data-start=\"5802\" data-end=\"5825\">Contact Information<\/strong><\/h3>\n<p data-start=\"5802\" data-end=\"6014\"><br data-start=\"5825\" data-end=\"5828\" \/>MB Stikl\u0117<br data-start=\"5837\" data-end=\"5840\" \/>Company code: 300573871<br data-start=\"5863\" data-end=\"5866\" \/>VAT code: LT100002492617<br data-start=\"5890\" data-end=\"5893\" \/>Registered address: Liep\u0173 g. 37-1, Klaip\u0117da LT-92145, Lithuania<br data-start=\"5956\" data-end=\"5959\" \/>Email: <a class=\"cursor-pointer\" rel=\"noopener\" data-start=\"5966\" data-end=\"5988\">info@stiklejewelry.com<\/a><br data-start=\"5988\" data-end=\"5991\" \/>Phone: +370 685 03776<\/p>\n<h3 data-start=\"6016\" data-end=\"6151\"><strong data-start=\"6016\" data-end=\"6027\">Stores:<\/strong><\/h3>\n<p data-start=\"6016\" data-end=\"6151\"><br data-start=\"6027\" data-end=\"6030\" \/>Klaip\u0117da Store: Tilt\u0173 20, LT-91246; phone: +370 685 03776<br data-start=\"6087\" data-end=\"6090\" \/>Vilnius Store: R\u016bdnink\u0173 8, LT-01135; phone: +370 657 54 030<\/p>\n<p>[\/vc_column_text][\/vc_column][\/vc_row]<\/p>\n<\/div>","protected":false},"excerpt":{"rendered":"<p>[vc_row][vc_column][vc_column_text css=&#8221;&#8221;] TERMS AND CONDITIONS General Provisions Welcome to our website. MB Stikle\u00a0 provide access to the www.stiklejewelry.com website (the &#8220;Website&#8221;) and sell our products to you subject to the conditions set out on this page. Please carefully&hellip;<\/p>\n","protected":false},"author":1,"featured_media":0,"parent":0,"menu_order":0,"comment_status":"closed","ping_status":"closed","template":"","meta":{"footnotes":""},"class_list":["post-76","page","type-page","status-publish","hentry"],"_links":{"self":[{"href":"https:\/\/stiklejewelry.com\/en\/wp-json\/wp\/v2\/pages\/76","targetHints":{"allow":["GET"]}}],"collection":[{"href":"https:\/\/stiklejewelry.com\/en\/wp-json\/wp\/v2\/pages"}],"about":[{"href":"https:\/\/stiklejewelry.com\/en\/wp-json\/wp\/v2\/types\/page"}],"author":[{"embeddable":true,"href":"https:\/\/stiklejewelry.com\/en\/wp-json\/wp\/v2\/users\/1"}],"replies":[{"embeddable":true,"href":"https:\/\/stiklejewelry.com\/en\/wp-json\/wp\/v2\/comments?post=76"}],"version-history":[{"count":6,"href":"https:\/\/stiklejewelry.com\/en\/wp-json\/wp\/v2\/pages\/76\/revisions"}],"predecessor-version":[{"id":31127,"href":"https:\/\/stiklejewelry.com\/en\/wp-json\/wp\/v2\/pages\/76\/revisions\/31127"}],"wp:attachment":[{"href":"https:\/\/stiklejewelry.com\/en\/wp-json\/wp\/v2\/media?parent=76"}],"curies":[{"name":"wp","href":"https:\/\/api.w.org\/{rel}","templated":true}]}}